{"id":9,"date":"2012-03-23T14:41:26","date_gmt":"2012-03-23T14:41:26","guid":{"rendered":"http:\/\/www.nubertal.pt\/?page_id=9"},"modified":"2022-05-13T07:53:49","modified_gmt":"2022-05-13T07:53:49","slug":"empresa","status":"publish","type":"page","link":"http:\/\/www.nubertal.pt\/?page_id=9","title":{"rendered":"Empresa"},"content":{"rendered":"<p style=\"text-align: center;\"><a href=\"http:\/\/www.nubertal.pt\/wp-content\/uploads\/2012\/03\/Logotipo-Nubertal-2012.png\"><img loading=\"lazy\" class=\"aligncenter size-medium wp-image-23\" title=\"Logotipo Nubertal 2012\" src=\"http:\/\/www.nubertal.pt\/wp-content\/uploads\/2012\/03\/Logotipo-Nubertal-2012-300x56.png\" alt=\"\" width=\"300\" height=\"56\" srcset=\"http:\/\/www.nubertal.pt\/wp-content\/uploads\/2012\/03\/Logotipo-Nubertal-2012-300x56.png 300w, http:\/\/www.nubertal.pt\/wp-content\/uploads\/2012\/03\/Logotipo-Nubertal-2012-500x93.png 500w, http:\/\/www.nubertal.pt\/wp-content\/uploads\/2012\/03\/Logotipo-Nubertal-2012.png 953w\" sizes=\"(max-width: 300px) 100vw, 300px\" \/><\/a><\/p>\n<p>Com Actividade desde 1977, temos ao seu dispor a mais variada gama de Caixilhos, desde as s\u00e9ries mais usuais \u00e0s mais sofisticadas, em Alum\u00ednio, PVC , Madeira e Estores<strong>.<\/strong><\/p>\n<p>Somos uma empresa com vasta experi\u00eancia no sector, l\u00edder de mercado qualidade \/ pre\u00e7o e possuindo v\u00e1rias equipas t\u00e9cnicas e de montagem afim de permitir o fornecimento das encomendas nos prazos exigidos assim como a sua aplica\u00e7\u00e3o nas devidas condi\u00e7\u00f5es t\u00e9cnicas, qualidade e seguran\u00e7a.<\/p>\n<p>Equipados com a mais moderna e sofisticada maquinaria para fabrico de caixilhos.<\/p>\n<p>A Nubertal fabrica todas as suas janelas com certifica\u00e7\u00e3o CE.<\/p>\n<p>Desde o dia 1 de Fevereiro de 2010 que entrou a obrigatoriedade da Marca\u00e7\u00e3o CE nas Janelas e Portas pedonais.<\/p>\n<p>A Marca\u00e7\u00e3o CE traduz-se na introdu\u00e7\u00e3o de regras para a classifica\u00e7\u00e3o de produtos destinados \u00e0 comercializa\u00e7\u00e3o dos mesmos no espa\u00e7o Europeu, garantindo a conformidade com um conjunto de caracter\u00edsticas exigidas pelas normas europeias.<\/p>\n<p>Acreditamos que a chegada desta nova legisla\u00e7\u00e3o vai contribuir de forma positiva para regular o mercado da caixilharia, pois haver\u00e1 um aumento de responsabilidade para quem desenvolve e para quem fabrica a caixilharia, com vantagens claras para o utilizador final.<\/p>\n<p>A Nubertal compromete-se a cumprir com todas as exig\u00eancias desta nova norma, podendo assim satisfazer cada vez mais a qualidade esperada pelo utilizador final.<\/p>\n<p>A Nubertal dirige os seus trabalhos ao cliente particular bem como a empresas de constru\u00e7\u00e3o civil, arquitectos e obras publicas.<\/p>\n<p>Trabalhamos para que o cliente fique satisfeito e nos recomende.<\/p>\n","protected":false},"excerpt":{"rendered":"<p style=\"text-align: center;\"><a href=\"http:\/\/www.nubertal.pt\/wp-content\/uploads\/2012\/03\/Logotipo-Nubertal-2012.png\"><\/a><\/p>\n<p>Com Actividade desde 1977, temos ao seu dispor a mais variada gama de Caixilhos, desde as s\u00e9ries mais usuais \u00e0s mais sofisticadas, em Alum\u00ednio, PVC , Madeira e Estores.<\/p>\n<p>Somos uma empresa com vasta experi\u00eancia no sector, l\u00edder de mercado qualidade \/ pre\u00e7o e possuindo v\u00e1rias equipas t\u00e9cnicas e de montagem [&#8230;]<\/p>\n","protected":false},"author":4,"featured_media":0,"parent":0,"menu_order":1,"comment_status":"closed","ping_status":"closed","template":"","meta":[],"aioseo_notices":[],"_links":{"self":[{"href":"http:\/\/www.nubertal.pt\/index.php?rest_route=\/wp\/v2\/pages\/9"}],"collection":[{"href":"http:\/\/www.nubertal.pt\/index.php?rest_route=\/wp\/v2\/pages"}],"about":[{"href":"http:\/\/www.nubertal.pt\/index.php?rest_route=\/wp\/v2\/types\/page"}],"author":[{"embeddable":true,"href":"http:\/\/www.nubertal.pt\/index.php?rest_route=\/wp\/v2\/users\/4"}],"replies":[{"embeddable":true,"href":"http:\/\/www.nubertal.pt\/index.php?rest_route=%2Fwp%2Fv2%2Fcomments&post=9"}],"version-history":[{"count":12,"href":"http:\/\/www.nubertal.pt\/index.php?rest_route=\/wp\/v2\/pages\/9\/revisions"}],"predecessor-version":[{"id":2435,"href":"http:\/\/www.nubertal.pt\/index.php?rest_route=\/wp\/v2\/pages\/9\/revisions\/2435"}],"wp:attachment":[{"href":"http:\/\/www.nubertal.pt\/index.php?rest_route=%2Fwp%2Fv2%2Fmedia&parent=9"}],"curies":[{"name":"wp","href":"https:\/\/api.w.org\/{rel}","templated":true}]}}