{"id":61,"date":"2012-03-26T09:52:31","date_gmt":"2012-03-26T09:52:31","guid":{"rendered":"http:\/\/www.nubertal.pt\/?page_id=61"},"modified":"2022-05-13T07:52:09","modified_gmt":"2022-05-13T07:52:09","slug":"projectos-realizados","status":"publish","type":"page","link":"http:\/\/www.nubertal.pt\/?page_id=61","title":{"rendered":"Projectos Realizados"},"content":{"rendered":"<p>Conhe\u00e7a algumas obras realizas pela Nubertal no sector privado e p\u00fablico. Contacte-nos para mais informa\u00e7\u00f5es ou pedido de or\u00e7amento <a href=\"mailto orcamentos@nubertal.pt\">orcamentos@nubertal.pt<\/a><\/p>\n<table border=\"0\">\n<tbody>\n<tr>\n<td style=\"text-align: left;\"><strong><em>Diversas:<br \/>\n<\/em><\/strong><\/td>\n<td style=\"text-align: left;\"><strong><em><em><strong>Claraboias:<\/strong><\/em><\/em><\/strong><\/td>\n<\/tr>\n<tr>\n<td style=\"text-align: left;\">[slideshow id=1]<\/td>\n<td style=\"text-align: left;\">[slideshow id=3]<\/td>\n<\/tr>\n<tr>\n<td style=\"text-align: left;\"><em><strong><em><strong>Portadas:<\/strong><\/em><\/strong><\/em><\/td>\n<td style=\"text-align: left;\"><em><strong><em><strong>Janelas e Portas:<\/strong><\/em><\/strong><\/em><\/td>\n<\/tr>\n<tr>\n<td style=\"text-align: left;\">[slideshow id=6]<\/td>\n<td style=\"text-align: left;\">[slideshow id=5]<\/td>\n<\/tr>\n<tr>\n<td style=\"text-align: left;\">\u00a0<em><strong>Marquises:<\/strong><\/em><\/td>\n<td style=\"text-align: left;\">\u00a0<em><strong>Portas de Entrada:<\/strong><\/em><\/td>\n<\/tr>\n<tr>\n<td style=\"text-align: left;\">[slideshow id=4]<\/td>\n<td style=\"text-align: left;\">[slideshow id=7]<\/td>\n<\/tr>\n<tr>\n<td style=\"text-align: left;\"><em><strong>Terra\u00e7os:<\/strong><\/em><\/td>\n<td style=\"text-align: left;\">\u00a0<em><strong>Portas de Condom\u00ednio:<\/strong><\/em><\/td>\n<\/tr>\n<tr>\n<td style=\"text-align: left;\">[slideshow id=8]<\/td>\n<td style=\"text-align: left;\">[slideshow id=9]<code><\/code><\/td>\n<\/tr>\n<\/tbody>\n<\/table>\n","protected":false},"excerpt":{"rendered":"<p>Conhe\u00e7a algumas obras realizas pela Nubertal no sector privado e p\u00fablico. Contacte-nos para mais informa\u00e7\u00f5es ou pedido de or\u00e7amento <a href=\"mailto orcamentos@nubertal.pt\">orcamentos@nubertal.pt<\/a><\/p>\n<p> Diversas:<br \/> Claraboias: [slideshow id=1] [slideshow id=3] Portadas: Janelas e Portas: [slideshow id=6] [slideshow id=5] \u00a0Marquises: \u00a0Portas de Entrada: [slideshow id=4] [slideshow id=7] Terra\u00e7os: \u00a0Portas de Condom\u00ednio: [slideshow id=8] [slideshow id=9]<\/p>\n","protected":false},"author":4,"featured_media":0,"parent":0,"menu_order":7,"comment_status":"open","ping_status":"closed","template":"","meta":[],"aioseo_notices":[],"_links":{"self":[{"href":"http:\/\/www.nubertal.pt\/index.php?rest_route=\/wp\/v2\/pages\/61"}],"collection":[{"href":"http:\/\/www.nubertal.pt\/index.php?rest_route=\/wp\/v2\/pages"}],"about":[{"href":"http:\/\/www.nubertal.pt\/index.php?rest_route=\/wp\/v2\/types\/page"}],"author":[{"embeddable":true,"href":"http:\/\/www.nubertal.pt\/index.php?rest_route=\/wp\/v2\/users\/4"}],"replies":[{"embeddable":true,"href":"http:\/\/www.nubertal.pt\/index.php?rest_route=%2Fwp%2Fv2%2Fcomments&post=61"}],"version-history":[{"count":69,"href":"http:\/\/www.nubertal.pt\/index.php?rest_route=\/wp\/v2\/pages\/61\/revisions"}],"predecessor-version":[{"id":2434,"href":"http:\/\/www.nubertal.pt\/index.php?rest_route=\/wp\/v2\/pages\/61\/revisions\/2434"}],"wp:attachment":[{"href":"http:\/\/www.nubertal.pt\/index.php?rest_route=%2Fwp%2Fv2%2Fmedia&parent=61"}],"curies":[{"name":"wp","href":"https:\/\/api.w.org\/{rel}","templated":true}]}}